{"id":387,"date":"2025-10-29T15:01:20","date_gmt":"2025-10-29T19:01:20","guid":{"rendered":"https:\/\/ayisyennet.com\/liste-de-souhaits-sur-ayisyennnet\/"},"modified":"2026-03-09T22:19:20","modified_gmt":"2026-03-10T02:19:20","slug":"liste-de-souhaits","status":"publish","type":"page","link":"https:\/\/ayisyennet.com\/fr\/liste-de-souhaits\/","title":{"rendered":"Liste de souhaits on Ayisyennet"},"content":{"rendered":"\n<p>Tu peux acc\u00e9der \u00e0 ta liste de souhaits sur Ayisyennet ici. Vous pouvez acc\u00e9der \u00e0 vos cours pr\u00e9f\u00e9r\u00e9s via <a href=\"https:\/\/ayisyennet.com\/fr\/fora\/\" data-type=\"page\" data-id=\"613\">Ayisyennet Fora<\/a>. <\/p>\nIl n&#039;y a rien dans ta liste de souhaits\n","protected":false},"excerpt":{"rendered":"<p>Tu peux acc\u00e9der \u00e0 ta liste de souhaits sur Ayisyennet ici. Vous pouvez acc\u00e9der \u00e0 vos cours pr\u00e9f\u00e9r\u00e9s via Ayisyennet Fora.<\/p>\n","protected":false},"author":1,"featured_media":388,"parent":0,"menu_order":0,"comment_status":"closed","ping_status":"closed","template":"","meta":{"_gspb_post_css":"","footnotes":""},"class_list":["post-387","page","type-page","status-publish","has-post-thumbnail","hentry"],"_links":{"self":[{"href":"https:\/\/ayisyennet.com\/fr\/wp-json\/wp\/v2\/pages\/387","targetHints":{"allow":["GET"]}}],"collection":[{"href":"https:\/\/ayisyennet.com\/fr\/wp-json\/wp\/v2\/pages"}],"about":[{"href":"https:\/\/ayisyennet.com\/fr\/wp-json\/wp\/v2\/types\/page"}],"author":[{"embeddable":true,"href":"https:\/\/ayisyennet.com\/fr\/wp-json\/wp\/v2\/users\/1"}],"replies":[{"embeddable":true,"href":"https:\/\/ayisyennet.com\/fr\/wp-json\/wp\/v2\/comments?post=387"}],"version-history":[{"count":2,"href":"https:\/\/ayisyennet.com\/fr\/wp-json\/wp\/v2\/pages\/387\/revisions"}],"predecessor-version":[{"id":5425,"href":"https:\/\/ayisyennet.com\/fr\/wp-json\/wp\/v2\/pages\/387\/revisions\/5425"}],"wp:featuredmedia":[{"embeddable":true,"href":"https:\/\/ayisyennet.com\/fr\/wp-json\/wp\/v2\/media\/388"}],"wp:attachment":[{"href":"https:\/\/ayisyennet.com\/fr\/wp-json\/wp\/v2\/media?parent=387"}],"curies":[{"name":"wp","href":"https:\/\/api.w.org\/{rel}","templated":true}]}}