{"id":1879,"date":"2025-10-30T15:34:59","date_gmt":"2025-10-30T19:34:59","guid":{"rendered":"https:\/\/ayisyennet.com\/?page_id=1879"},"modified":"2026-03-09T05:24:01","modified_gmt":"2026-03-09T09:24:01","slug":"kategori-atik","status":"publish","type":"page","link":"https:\/\/ayisyennet.com\/ht\/kategori-atik\/","title":{"rendered":"Kategori atik sou Ayisyennet"},"content":{"rendered":"\n<p>La a ou ka aksede a lis kategori <a href=\"https:\/\/ayisyennet.com\/ht\/atik\/\" data-type=\"page\" data-id=\"506\">atik yo<\/a> sou Ayisyennet.<\/p>\n\n<div class=\"wp-block-greenshift-blocks-row gspb_row gspb_row-id-gsbp-40048a8\" id=\"gspb_row-id-gsbp-40048a8\"><div class=\"gspb_row__content\"> \n<div class=\"wp-block-greenshift-blocks-row-column gspb_row__col--12 gspb_col-id-gsbp-aae9dd7\" id=\"gspb_col-id-gsbp-aae9dd7\"><style>#gspb_row-id-gsbp-6947571{justify-content:space-between;margin-top:0;margin-bottom:0;display:flex;flex-wrap:wrap;align-content:center;background-color:#e9e9e9}#gspb_row-id-gsbp-6947571>.gspb_row__content{display:flex;margin:0 auto;width:100%;flex-wrap:wrap;max-width:1200px;align-items:center;justify-content:center}.gspb_row{position:relative}div[id^=gspb_col-id]{box-sizing:border-box;position:relative;padding:var(--gs-row-column-padding,15px min(3vw,20px))}@media (max-width:991.98px){#gspb_row-id-gsbp-6947571{background-color:#e9e9e9}}@media (max-width:767.98px){#gspb_row-id-gsbp-6947571{background-color:#e9e9e9}}@media (max-width:575.98px){#gspb_row-id-gsbp-6947571{background-color:#e9e9e9}}#gspb_row-id-gsbp-6947571{border-style:solid;border-width:1px;border-color:var(--wp--preset--color--main,var(--rehub-main-color))}#gspb_row-id-gsbp-6947571:hover{border-style:solid;border-color:#000}#gspb_row-id-gsbp-6947571,#gspb_row-id-gsbp-6947571>.gspb_backgroundOverlay{border-top-left-radius:6px;border-top-right-radius:6px;border-bottom-right-radius:6px;border-bottom-left-radius:6px}#gspb_col-id-gsbp-62d916a.gspb_row__col--12{width:100%}@media (max-width:575.98px){#gspb_col-id-gsbp-62d916a.gspb_row__col--12{width:100%}}#gspb_heading-id-gsbp-1b54db7,#gspb_heading-id-gsbp-1b54db7 .gsap-g-line{text-align:center!important}#gspb_heading-id-gsbp-1b54db7{margin-bottom:20px}#gspb_heading-id-gsbp-1b54db7 .gspb_heading_subtitle,#gspb_subheading-id-gsbp-1b54db7{display:block;font-size:17px;line-height:22px;margin-top:5px}<\/style><style>#gspb_row-id-gsbp-6947571{justify-content:space-between;margin-top:0;margin-bottom:0;display:flex;flex-wrap:wrap;align-content:center;background-color:#e9e9e9}#gspb_row-id-gsbp-6947571>.gspb_row__content{display:flex;margin:0 auto;width:100%;flex-wrap:wrap;max-width:1200px;align-items:center;justify-content:center}.gspb_row{position:relative}div[id^=gspb_col-id]{box-sizing:border-box;position:relative;padding:var(--gs-row-column-padding,15px min(3vw,20px))}@media (max-width:991.98px){#gspb_row-id-gsbp-6947571{background-color:#e9e9e9}}@media (max-width:767.98px){#gspb_row-id-gsbp-6947571{background-color:#e9e9e9}}@media (max-width:575.98px){#gspb_row-id-gsbp-6947571{background-color:#e9e9e9}}#gspb_row-id-gsbp-6947571{border-style:solid;border-width:1px;border-color:var(--wp--preset--color--main,var(--rehub-main-color))}#gspb_row-id-gsbp-6947571:hover{border-style:solid;border-color:#000}#gspb_row-id-gsbp-6947571,#gspb_row-id-gsbp-6947571>.gspb_backgroundOverlay{border-top-left-radius:6px;border-top-right-radius:6px;border-bottom-right-radius:6px;border-bottom-left-radius:6px}#gspb_col-id-gsbp-62d916a.gspb_row__col--12{width:100%}@media (max-width:575.98px){#gspb_col-id-gsbp-62d916a.gspb_row__col--12{width:100%}}#gspb_heading-id-gsbp-1b54db7,#gspb_heading-id-gsbp-1b54db7 .gsap-g-line{text-align:center!important}#gspb_heading-id-gsbp-1b54db7{margin-bottom:20px}#gspb_heading-id-gsbp-1b54db7 .gspb_heading_subtitle,#gspb_subheading-id-gsbp-1b54db7{display:block;font-size:17px;line-height:22px;margin-top:5px}<\/style>\n<div class=\"wp-block-greenshift-blocks-row gspb_row gspb_row-id-gsbp-6947571\" id=\"gspb_row-id-gsbp-6947571\"><div class=\"gspb_row__content\"> \n<div class=\"wp-block-greenshift-blocks-row-column gspb_row__col--12 gspb_col-id-gsbp-62d916a\" id=\"gspb_col-id-gsbp-62d916a\">\n<h2 id=\"gspb_heading-id-gsbp-1b54db7\" class=\"gspb_heading gspb_heading-id-gsbp-1b54db7 \">Ab\u00f2ne ak bilten nouv\u00e8l yo<span class=\"gspb_heading_subtitle\"><strong><strong><strong>Antre non konpl\u00e8 w, pi bon adr\u00e8s imel ou, epi klike pou ab\u00f2ne pou w pa janm rate \u00f2f, op\u00f2tinite, ak d\u00e8nye nouv\u00e8l sou Ayisyennet.<\/strong><\/strong><\/strong><\/span><\/h2>\n\n\n\n                <iframe src=\"https:\/\/api.leadconnectorhq.com\/widget\/form\/1B6jQ7tneOFPnC8e8kzb\"\n                    style=\"width:100%;height:100%;border:none;\" id=\"inline-1B6jQ7tneOFPnC8e8kzb\"\n                    data-layout=\"{'id':'INLINE','minimizedTitle':'','isLeftAligned':true,'isRightAligned':false,'allowMinimize':false}\"\n                    data-trigger-type=\"alwaysShow\" data-trigger-value=\"\" data-activation-type=\"alwaysActivated\" data-activation-value=\"\"\n                    data-deactivation-type=\"neverDeactivate\" data-deactivation-value=\"\" data-form-name=\"Newsletter Subscription\" data-height=\"600\"\n                    data-layout-iframe-id=\"inline-1B6jQ7tneOFPnC8e8kzb\" data-form-id=\"1B6jQ7tneOFPnC8e8kzb\" title=\"Newsletter Subscription\">\n                <\/iframe>\n                <script src=\"https:\/\/link.msgsndr.com\/js\/form_embed.js\"><\/script>\n            \n<\/div>\n <\/div><\/div>\n<\/div>\n <\/div><\/div>\n\n<div class=\"wp-block-rehub-tax-archive rhpb-tax-archive rhpb-6518930d-1d55-4c33-b608-19f8d57fa6d9\">{{ kontni }}<\/div>\n","protected":false},"excerpt":{"rendered":"<p>La a ou ka aksede a lis kategori atik yo sou Ayisyennet.<\/p>\n","protected":false},"author":1,"featured_media":376,"parent":0,"menu_order":0,"comment_status":"closed","ping_status":"closed","template":"","meta":{"_gspb_post_css":"#gspb_row-id-gsbp-40048a8{justify-content:space-between;margin-top:0;display:flex;flex-wrap:wrap;align-content:center;margin-bottom:50px}#gspb_row-id-gsbp-40048a8>.gspb_row__content{display:flex;margin:0 auto;width:100%;flex-wrap:wrap;max-width:1200px;align-items:center;justify-content:center}.gspb_row{position:relative}div[id^=gspb_col-id]{box-sizing:border-box;position:relative;padding:var(--gs-row-column-padding, 15px min(3vw, 20px))}#gspb_col-id-gsbp-aae9dd7.gspb_row__col--12{width:100%}@media (max-width:575.98px){#gspb_col-id-gsbp-aae9dd7.gspb_row__col--12{width:100%}}#gspb_col-id-gsbp-aae9dd7.gspb_row__col--12{border-style:solid;border-width:1px;border-color:var(--wp--preset--color--main, var(--rehub-main-color))}","footnotes":""},"class_list":["post-1879","page","type-page","status-publish","has-post-thumbnail","hentry"],"_links":{"self":[{"href":"https:\/\/ayisyennet.com\/ht\/wp-json\/wp\/v2\/pages\/1879","targetHints":{"allow":["GET"]}}],"collection":[{"href":"https:\/\/ayisyennet.com\/ht\/wp-json\/wp\/v2\/pages"}],"about":[{"href":"https:\/\/ayisyennet.com\/ht\/wp-json\/wp\/v2\/types\/page"}],"author":[{"embeddable":true,"href":"https:\/\/ayisyennet.com\/ht\/wp-json\/wp\/v2\/users\/1"}],"replies":[{"embeddable":true,"href":"https:\/\/ayisyennet.com\/ht\/wp-json\/wp\/v2\/comments?post=1879"}],"version-history":[{"count":4,"href":"https:\/\/ayisyennet.com\/ht\/wp-json\/wp\/v2\/pages\/1879\/revisions"}],"predecessor-version":[{"id":5140,"href":"https:\/\/ayisyennet.com\/ht\/wp-json\/wp\/v2\/pages\/1879\/revisions\/5140"}],"wp:featuredmedia":[{"embeddable":true,"href":"https:\/\/ayisyennet.com\/ht\/wp-json\/wp\/v2\/media\/376"}],"wp:attachment":[{"href":"https:\/\/ayisyennet.com\/ht\/wp-json\/wp\/v2\/media?parent=1879"}],"curies":[{"name":"wp","href":"https:\/\/api.w.org\/{rel}","templated":true}]}}