{"id":375,"date":"2025-10-29T15:01:20","date_gmt":"2025-10-29T19:01:20","guid":{"rendered":"https:\/\/ayisyennet.com\/lis-dezi-sou-ayisyennnet\/"},"modified":"2026-03-09T22:21:22","modified_gmt":"2026-03-10T02:21:22","slug":"lis-swe","status":"publish","type":"page","link":"https:\/\/ayisyennet.com\/ht\/lis-swe\/","title":{"rendered":"Lis sw\u00e8 sou Ayisyennet"},"content":{"rendered":"\n<p>Ou ka jwenn aks\u00e8 a lis dezi ou sou Ayisyennet isit la. Ou ka jwenn aks\u00e8 ak kou ou pi renmen yo atrav\u00e8 <a href=\"https:\/\/ayisyennet.com\/ht\/fora\/\" data-type=\"page\" data-id=\"613\">Fora Ayisyennet<\/a>. <\/p>\nPa gen anyen nan lis dezi ou a\n","protected":false},"excerpt":{"rendered":"<p>Ou ka jwenn aks\u00e8 a lis dezi ou sou Ayisyennet isit la. Ou ka jwenn aks\u00e8 ak kou ou pi renmen yo atrav\u00e8 Fora Ayisyennet.<\/p>\n","protected":false},"author":1,"featured_media":376,"parent":0,"menu_order":0,"comment_status":"closed","ping_status":"closed","template":"","meta":{"_gspb_post_css":"","footnotes":""},"class_list":["post-375","page","type-page","status-publish","has-post-thumbnail","hentry"],"_links":{"self":[{"href":"https:\/\/ayisyennet.com\/ht\/wp-json\/wp\/v2\/pages\/375","targetHints":{"allow":["GET"]}}],"collection":[{"href":"https:\/\/ayisyennet.com\/ht\/wp-json\/wp\/v2\/pages"}],"about":[{"href":"https:\/\/ayisyennet.com\/ht\/wp-json\/wp\/v2\/types\/page"}],"author":[{"embeddable":true,"href":"https:\/\/ayisyennet.com\/ht\/wp-json\/wp\/v2\/users\/1"}],"replies":[{"embeddable":true,"href":"https:\/\/ayisyennet.com\/ht\/wp-json\/wp\/v2\/comments?post=375"}],"version-history":[{"count":3,"href":"https:\/\/ayisyennet.com\/ht\/wp-json\/wp\/v2\/pages\/375\/revisions"}],"predecessor-version":[{"id":5430,"href":"https:\/\/ayisyennet.com\/ht\/wp-json\/wp\/v2\/pages\/375\/revisions\/5430"}],"wp:featuredmedia":[{"embeddable":true,"href":"https:\/\/ayisyennet.com\/ht\/wp-json\/wp\/v2\/media\/376"}],"wp:attachment":[{"href":"https:\/\/ayisyennet.com\/ht\/wp-json\/wp\/v2\/media?parent=375"}],"curies":[{"name":"wp","href":"https:\/\/api.w.org\/{rel}","templated":true}]}}