{"id":496,"date":"2025-10-29T17:47:05","date_gmt":"2025-10-29T21:47:05","guid":{"rendered":"https:\/\/ayisyennet.com\/konsenan-ayisyennet\/"},"modified":"2026-03-09T05:06:30","modified_gmt":"2026-03-09T09:06:30","slug":"apwopo","status":"publish","type":"page","link":"https:\/\/ayisyennet.com\/ht\/apwopo\/","title":{"rendered":"Apwopo Ayisyennet"},"content":{"rendered":"\n<div class=\"wp-block-greenshift-blocks-row alignfull gspb_row gspb_row-id-gsbp-8148766\" id=\"gspb_row-id-gsbp-8148766\"><div class=\"gspb_row__content\"> \n<div class=\"wp-block-greenshift-blocks-row-column gspb_row__col--8 gspb_row__col--md-6 gspb_row__col--sm-12 gspb_col-id-gsbp-a8e5de4\" id=\"gspb_col-id-gsbp-a8e5de4\">\n<h1 id=\"gspb_heading-id-gsbp-beef79bb-8c5a\" class=\"gspb_heading gspb_heading-id-gsbp-beef79bb-8c5a \">Kisa Ayisyennet ye?<span class=\"gspb_heading_subtitle\">Nan Ayisyennet, nou se yon limy\u00e8 pou kominote Ayisy\u00e8n nan.<\/span><\/h1>\n\n\n\n<p class=\"has-text-align-center\">Atrav\u00e8 resous miltimedya ki byen panse e byen \u00f2ganize, nan Ayisyennet nou vize ankouraje byenn\u00e8t, pandan n ap sip\u00f2te edikasyon epi ranf\u00f2se idantite ayisyen an.<\/p>\n\n\n\n<div class=\"wp-block-group is-content-justification-center is-layout-flex wp-container-core-group-is-layout-bc86c96a wp-block-group-is-layout-flex\">\n<div class=\"gspb_button_wrapper gspb_button-id-gsbp-29db9e9\" id=\"gspb_button-id-gsbp-29db9e9\"><a class=\"wp-block-greenshift-blocks-buttonbox gspb-buttonbox wp-element-button\" href=\"https:\/\/ayisyennet.com\/ht\/fora\/\" rel=\"noopener\"><span class=\"gspb-buttonbox-textwrap\"><span class=\"gspb-buttonbox-text\"><span class=\"gspb-buttonbox-title\">Rejwenn kominote a<\/span><\/span><\/span><\/a><\/div>\n\n\n\n<div class=\"gspb_button_wrapper gspb_button-id-gsbp-2706d4e\" id=\"gspb_button-id-gsbp-2706d4e\"><a class=\"wp-block-greenshift-blocks-buttonbox gspb-buttonbox wp-element-button\" href=\"https:\/\/ayisyennet.com\/ht\/enfolet\/\" rel=\"noopener\"><span class=\"gspb-buttonbox-textwrap\"><span class=\"gspb-buttonbox-text\"><span class=\"gspb-buttonbox-title\">Ab\u00f2ne<\/span><\/span><\/span><\/a><\/div>\n<\/div>\n<\/div>\n\n\n\n<div class=\"wp-block-greenshift-blocks-row-column gspb_row__col--4 gspb_row__col--md-6 gspb_row__col--sm-12 gspb_col-id-gsbp-404efdb\" id=\"gspb_col-id-gsbp-404efdb\">\n<div class=\"wp-block-greenshift-blocks-image gspb_image gspb_image-id-gsbp-b8bed65\" id=\"gspb_image-id-gsbp-b8bed65\"><img decoding=\"async\" src=\"https:\/\/ayisyennet.com\/wp-content\/uploads\/2025\/10\/David-Celestin-@-AYISYENNET.webp\" data-src=\"\" alt=\"David Celestin @ AYISYENNET\" loading=\"lazy\" width=\"451\" height=\"553\" title=\"David Celestin @ AYISYENNET\"\/><\/div>\n<\/div>\n <\/div><\/div>\n\n\n<style>.is-style-rhelshadow2{box-shadow: 0 5px 21px 0 rgb(0 0 0 \/ 7%);}<\/style>\n<div class=\"wp-block-group is-style-rhelshadow2 has-background is-layout-constrained wp-block-group-is-layout-constrained\" style=\"background-color:#e9e9e9\">\n<p class=\"has-text-align-center\"><strong>Lanse gras a <a href=\"https:\/\/davidcelestin.com\" data-type=\"link\" data-id=\"https:\/\/davidcelestin.com\" rel=\"nofollow noopener\" target=\"_blank\">David Celestin<\/a>, Ayisyennet se premye platf\u00f2m 100% dedye a pwomosyon yon pi bon Ayiti ak pi bon Ayisyen atrav\u00e8 plizy\u00e8 resous itil.<\/strong><gwmw style=\"display:none;\"><\/gwmw><gwmw style=\"display:none;\"><\/gwmw><\/p>\n<\/div>\n\n\n\n<div class=\"wp-block-greenshift-blocks-row gspb_row gspb_row-id-gsbp-0307d32\" id=\"gspb_row-id-gsbp-0307d32\"><div class=\"gspb_row__content\"> \n<div class=\"wp-block-greenshift-blocks-row-column gspb_row__col--12 gspb_col-id-gsbp-da1b9bf\" id=\"gspb_col-id-gsbp-da1b9bf\">\n<div class=\"wp-block-group is-style-default is-layout-constrained wp-block-group-is-layout-constrained\">\n<h2 id=\"gspb_heading-id-gsbp-33bd18f\" class=\"gspb_heading gspb_heading-id-gsbp-33bd18f \">Pwomosyon ak inisyativ<span class=\"gspb_heading_subtitle\">Baze sou fy\u00e8te ak rezilyans p\u00e8p ayisyen an, Ayisyennet defann f\u00f2s idantite ayisyen an. Nou kw\u00e8 ke yon Ayiti ki pi bon k\u00f2manse ak ayisyen ki edike, an sante, konekte, epi ki s\u00e8vi pa enstitisyon ki reflete diyite kilti ak eritaj yo.<\/span><\/h2>\n<\/div>\n<\/div>\n <\/div><\/div>\n\n\n\n<div class=\"wp-block-greenshift-blocks-row gspb_row gspb_row-id-gsbp-bbdfb19\" id=\"gspb_row-id-gsbp-bbdfb19\"><div class=\"gspb_row__content\"> \n<div class=\"wp-block-greenshift-blocks-row-column gspb_row__col--12 gspb_col-id-gsbp-38c62b3\" id=\"gspb_col-id-gsbp-38c62b3\"><style>#gspb_row-id-gsbp-6947571{justify-content:space-between;margin-top:0;margin-bottom:0;display:flex;flex-wrap:wrap;align-content:center;background-color:#e9e9e9}#gspb_row-id-gsbp-6947571>.gspb_row__content{display:flex;margin:0 auto;width:100%;flex-wrap:wrap;max-width:1200px;align-items:center;justify-content:center}.gspb_row{position:relative}div[id^=gspb_col-id]{box-sizing:border-box;position:relative;padding:var(--gs-row-column-padding,15px min(3vw,20px))}@media (max-width:991.98px){#gspb_row-id-gsbp-6947571{background-color:#e9e9e9}}@media (max-width:767.98px){#gspb_row-id-gsbp-6947571{background-color:#e9e9e9}}@media (max-width:575.98px){#gspb_row-id-gsbp-6947571{background-color:#e9e9e9}}#gspb_row-id-gsbp-6947571{border-style:solid;border-width:1px;border-color:var(--wp--preset--color--main,var(--rehub-main-color))}#gspb_row-id-gsbp-6947571:hover{border-style:solid;border-color:#000}#gspb_row-id-gsbp-6947571,#gspb_row-id-gsbp-6947571>.gspb_backgroundOverlay{border-top-left-radius:6px;border-top-right-radius:6px;border-bottom-right-radius:6px;border-bottom-left-radius:6px}#gspb_col-id-gsbp-62d916a.gspb_row__col--12{width:100%}@media (max-width:575.98px){#gspb_col-id-gsbp-62d916a.gspb_row__col--12{width:100%}}#gspb_heading-id-gsbp-1b54db7,#gspb_heading-id-gsbp-1b54db7 .gsap-g-line{text-align:center!important}#gspb_heading-id-gsbp-1b54db7{margin-bottom:20px}#gspb_heading-id-gsbp-1b54db7 .gspb_heading_subtitle,#gspb_subheading-id-gsbp-1b54db7{display:block;font-size:17px;line-height:22px;margin-top:5px}<\/style><style>#gspb_row-id-gsbp-6947571{justify-content:space-between;margin-top:0;margin-bottom:0;display:flex;flex-wrap:wrap;align-content:center;background-color:#e9e9e9}#gspb_row-id-gsbp-6947571>.gspb_row__content{display:flex;margin:0 auto;width:100%;flex-wrap:wrap;max-width:1200px;align-items:center;justify-content:center}.gspb_row{position:relative}div[id^=gspb_col-id]{box-sizing:border-box;position:relative;padding:var(--gs-row-column-padding,15px min(3vw,20px))}@media (max-width:991.98px){#gspb_row-id-gsbp-6947571{background-color:#e9e9e9}}@media (max-width:767.98px){#gspb_row-id-gsbp-6947571{background-color:#e9e9e9}}@media (max-width:575.98px){#gspb_row-id-gsbp-6947571{background-color:#e9e9e9}}#gspb_row-id-gsbp-6947571{border-style:solid;border-width:1px;border-color:var(--wp--preset--color--main,var(--rehub-main-color))}#gspb_row-id-gsbp-6947571:hover{border-style:solid;border-color:#000}#gspb_row-id-gsbp-6947571,#gspb_row-id-gsbp-6947571>.gspb_backgroundOverlay{border-top-left-radius:6px;border-top-right-radius:6px;border-bottom-right-radius:6px;border-bottom-left-radius:6px}#gspb_col-id-gsbp-62d916a.gspb_row__col--12{width:100%}@media (max-width:575.98px){#gspb_col-id-gsbp-62d916a.gspb_row__col--12{width:100%}}#gspb_heading-id-gsbp-1b54db7,#gspb_heading-id-gsbp-1b54db7 .gsap-g-line{text-align:center!important}#gspb_heading-id-gsbp-1b54db7{margin-bottom:20px}#gspb_heading-id-gsbp-1b54db7 .gspb_heading_subtitle,#gspb_subheading-id-gsbp-1b54db7{display:block;font-size:17px;line-height:22px;margin-top:5px}<\/style>\n<div class=\"wp-block-greenshift-blocks-row gspb_row gspb_row-id-gsbp-6947571\" id=\"gspb_row-id-gsbp-6947571\"><div class=\"gspb_row__content\"> \n<div class=\"wp-block-greenshift-blocks-row-column gspb_row__col--12 gspb_col-id-gsbp-62d916a\" id=\"gspb_col-id-gsbp-62d916a\">\n<h2 id=\"gspb_heading-id-gsbp-1b54db7\" class=\"gspb_heading gspb_heading-id-gsbp-1b54db7 \">Ab\u00f2ne ak bilten nouv\u00e8l yo<span class=\"gspb_heading_subtitle\"><strong><strong><strong>Antre non konpl\u00e8 w, pi bon adr\u00e8s imel ou, epi klike pou ab\u00f2ne pou w pa janm rate \u00f2f, op\u00f2tinite, ak d\u00e8nye nouv\u00e8l sou Ayisyennet.<\/strong><\/strong><\/strong><\/span><\/h2>\n\n\n\n                <iframe src=\"https:\/\/api.leadconnectorhq.com\/widget\/form\/1B6jQ7tneOFPnC8e8kzb\"\n                    style=\"width:100%;height:100%;border:none;\" id=\"inline-1B6jQ7tneOFPnC8e8kzb\"\n                    data-layout=\"{'id':'INLINE','minimizedTitle':'','isLeftAligned':true,'isRightAligned':false,'allowMinimize':false}\"\n                    data-trigger-type=\"alwaysShow\" data-trigger-value=\"\" data-activation-type=\"alwaysActivated\" data-activation-value=\"\"\n                    data-deactivation-type=\"neverDeactivate\" data-deactivation-value=\"\" data-form-name=\"Newsletter Subscription\" data-height=\"600\"\n                    data-layout-iframe-id=\"inline-1B6jQ7tneOFPnC8e8kzb\" data-form-id=\"1B6jQ7tneOFPnC8e8kzb\" title=\"Newsletter Subscription\">\n                <\/iframe>\n                <script src=\"https:\/\/link.msgsndr.com\/js\/form_embed.js\"><\/script>\n            \n<\/div>\n <\/div><\/div>\n<\/div>\n <\/div><\/div>\n\n\n\n<div class=\"wp-block-greenshift-blocks-row alignfull gspb_row gspb_row-id-gsbp-7bf07cf\" id=\"gspb_row-id-gsbp-7bf07cf\"><div class=\"gspb_row__content\"> \n<div class=\"wp-block-greenshift-blocks-row-column gspb_row__col--12 gspb_col-id-gsbp-b9dc903\" id=\"gspb_col-id-gsbp-b9dc903\">\n<div class=\"wp-block-group is-style-default is-layout-constrained wp-block-group-is-layout-constrained\" style=\"border-width:1px;border-radius:6px\">\n<h2 id=\"gspb_heading-id-gsbp-69db1cf\" class=\"gspb_heading gspb_heading-id-gsbp-69db1cf \">Kisa Ayisyennet pwom\u00e8t?<span class=\"gspb_heading_subtitle\">Ayisyennet se pa s\u00e8lman yon sit ent\u00e8n\u00e8t. Se pr\u00e8v motivasyon kominote a, ki konsantre sou val\u00e8 fondamantal: solidarite, rezilyans, ak kreyativite, pou gen yon enpak pozitif sou lavi anpil moun.<\/span><\/h2>\n\n\n\n<div class=\"gspb_button_wrapper gspb_button-id-gsbp-5eac647\" id=\"gspb_button-id-gsbp-5eac647\"><a class=\"wp-block-greenshift-blocks-buttonbox gspb-buttonbox wp-element-button\" href=\"https:\/\/ayisyennet.com\/ht\/kontakte-nou\/\" rel=\"noopener\"><span class=\"gspb-buttonbox-textwrap\"><span class=\"gspb-buttonbox-text\"><span class=\"gspb-buttonbox-title\">Kontakte Ayisyennet<\/span><span class=\"gspb-buttonbox-label\">Pou plis detay<\/span><\/span><\/span><\/a><\/div>\n<\/div>\n<\/div>\n <\/div><\/div>\n","protected":false},"excerpt":{"rendered":"<p>Lanse gras a David Celestin, Ayisyennet se premye platf\u00f2m 100% dedye a pwomosyon yon pi bon Ayiti ak pi bon Ayisyen atrav\u00e8 plizy\u00e8 resous itil.<\/p>\n","protected":false},"author":1,"featured_media":376,"parent":0,"menu_order":0,"comment_status":"closed","ping_status":"closed","template":"","meta":{"_gspb_post_css":"@import url(https:\/\/fonts.googleapis.com\/css?family=Poppins|Poppins:600);#gspb_row-id-gsbp-8148766{justify-content:space-between;margin-top:0;margin-bottom:0;display:flex;flex-wrap:wrap;align-content:center;padding-top:15px}#gspb_row-id-gsbp-8148766>.gspb_row__content{display:flex;margin:0 auto;width:100%;flex-wrap:wrap;max-width:1200px;align-items:center;justify-content:space-between}.gspb_row{position:relative}div[id^=gspb_col-id]{box-sizing:border-box;position:relative;padding:var(--gs-row-column-padding, 15px min(3vw, 20px))}#gspb_col-id-gsbp-a8e5de4.gspb_row__col--8{width:66.66666666666667%}@media (max-width:991.98px){#gspb_col-id-gsbp-a8e5de4.gspb_row__col--8{width:50%}}@media (max-width:767.98px){#gspb_col-id-gsbp-a8e5de4.gspb_row__col--8{width:100%}}@media (max-width:575.98px){#gspb_col-id-gsbp-a8e5de4.gspb_row__col--8{width:100%}}#gspb_heading-id-gsbp-beef79bb-8c5a{font-weight:600;font-family:Poppins,sans-serif}@media (max-width:991.98px){#gspb_heading-id-gsbp-beef79bb-8c5a{font-size:2.3rem;line-height:2.5rem}}@media (max-width:575.98px){#gspb_heading-id-gsbp-beef79bb-8c5a{font-size:1.9rem;line-height:2.2rem}}#gspb_heading-id-gsbp-beef79bb-8c5a{letter-spacing:-1.2px;text-align:center!important;margin-top:5px;margin-bottom:10px}#gspb_heading-id-gsbp-beef79bb-8c5a .gsap-g-line{text-align:center!important}@media (max-width:575.98px){#gspb_heading-id-gsbp-beef79bb-8c5a{margin-top:1.5rem}}#gspb_heading-id-gsbp-beef79bb-8c5a .gspb_heading_subtitle,#gspb_subheading-id-gsbp-beef79bb-8c5a{display:block;font-size:17px;line-height:22px;margin-top:5px}#gspb_col-id-gsbp-404efdb.gspb_row__col--4{width:33.333333333333336%}@media (max-width:991.98px){#gspb_col-id-gsbp-404efdb.gspb_row__col--4{width:50%}}@media (max-width:767.98px){#gspb_col-id-gsbp-404efdb.gspb_row__col--4{width:100%}}@media (max-width:575.98px){#gspb_col-id-gsbp-404efdb.gspb_row__col--4{width:100%}}#gspb_image-id-gsbp-b8bed65{text-align:center}#gspb_image-id-gsbp-b8bed65 img{vertical-align:middle;display:inline-block;box-sizing:border-box;max-width:100%;height:auto;box-shadow:0 15px 25px 0 rgba(0,0,0,.1);border-style:solid;border-width:1px;border-color:var(--wp--preset--color--main, var(--rehub-main-color))}#gspb_row-id-gsbp-0307d32{justify-content:space-between;margin-bottom:0;display:flex;flex-wrap:wrap;align-content:center;margin-top:0;padding-top:0}#gspb_row-id-gsbp-0307d32>.gspb_row__content{display:flex;margin:0 auto;width:100%;flex-wrap:wrap;max-width:1200px;align-items:center;justify-content:center}#gspb_image-id-gsbp-b8bed65 img,#gspb_row-id-gsbp-0307d32,#gspb_row-id-gsbp-0307d32>.gspb_backgroundOverlay{border-top-left-radius:6px;border-top-right-radius:6px;border-bottom-right-radius:6px;border-bottom-left-radius:6px}#gspb_col-id-gsbp-da1b9bf.gspb_row__col--12{width:100%}@media (max-width:575.98px){#gspb_col-id-gsbp-da1b9bf.gspb_row__col--12{width:100%}}.gspb_row #gspb_col-id-gsbp-da1b9bf.gspb_row__col--12{padding-top:0}#gspb_heading-id-gsbp-33bd18f,#gspb_heading-id-gsbp-33bd18f .gsap-g-line{text-align:center!important}#gspb_heading-id-gsbp-33bd18f{margin-bottom:0}#gspb_heading-id-gsbp-33bd18f .gspb_heading_subtitle,#gspb_subheading-id-gsbp-33bd18f{display:block;font-size:17px;line-height:22px;margin-top:5px}#gspb_row-id-gsbp-bbdfb19>.gspb_row__content{display:flex;margin:0 auto;width:100%;flex-wrap:wrap;max-width:1200px;align-items:center;justify-content:center}#gspb_col-id-gsbp-38c62b3.gspb_row__col--12{width:100%}@media (max-width:575.98px){#gspb_col-id-gsbp-38c62b3.gspb_row__col--12{width:100%}}#gspb_row-id-gsbp-7bf07cf,#gspb_row-id-gsbp-bbdfb19{justify-content:space-between;margin-top:0;display:flex;flex-wrap:wrap;align-content:center;margin-bottom:0}#gspb_row-id-gsbp-7bf07cf>.gspb_row__content{display:flex;margin:0 auto;width:100%;flex-wrap:wrap;max-width:1200px;align-items:center;justify-content:center}#gspb_col-id-gsbp-b9dc903.gspb_row__col--12{width:100%}@media (max-width:575.98px){#gspb_col-id-gsbp-b9dc903.gspb_row__col--12{width:100%}}#gspb_heading-id-gsbp-69db1cf,#gspb_heading-id-gsbp-69db1cf .gsap-g-line{text-align:center!important}#gspb_heading-id-gsbp-69db1cf{margin-bottom:15px}#gspb_heading-id-gsbp-69db1cf .gspb_heading_subtitle,#gspb_subheading-id-gsbp-69db1cf{display:block;font-size:17px;line-height:22px;margin-top:5px}#gspb_button-id-gsbp-29db9e9{display:flex;justify-content:center}#gspb_button-id-gsbp-29db9e9 .gspb-buttonbox-text{display:flex;flex-direction:column}#gspb_button-id-gsbp-29db9e9>.gspb-buttonbox{box-sizing:border-box;background-color:var(--wp--preset--color--main, var(--rehub-main-color))}@media (max-width:991.98px){#gspb_button-id-gsbp-29db9e9>.gspb-buttonbox{background-color:var(--wp--preset--color--main, var(--rehub-main-color))}}@media (max-width:767.98px){#gspb_button-id-gsbp-29db9e9>.gspb-buttonbox{background-color:var(--wp--preset--color--main, var(--rehub-main-color))}}@media (max-width:575.98px){#gspb_button-id-gsbp-29db9e9>.gspb-buttonbox{background-color:var(--wp--preset--color--main, var(--rehub-main-color))}}#gspb_button-id-gsbp-29db9e9>.gspb-buttonbox,#gspb_button-id-gsbp-29db9e9>.gspb-buttonbox:hover{color:#fff}#gspb_button-id-gsbp-29db9e9>.gspb-buttonbox{border-style:solid;border-width:1px;border-color:var(--wp--preset--color--basecolor, #000001)}#gspb_button-id-gsbp-2706d4e>.gspb-buttonbox>.gspb_backgroundOverlay,#gspb_button-id-gsbp-29db9e9>.gspb-buttonbox,#gspb_button-id-gsbp-29db9e9>.gspb-buttonbox>.gspb_backgroundOverlay{border-top-left-radius:6px;border-top-right-radius:6px;border-bottom-right-radius:6px;border-bottom-left-radius:6px}#gspb_button-id-gsbp-2706d4e .gspb-buttonbox-text{display:flex;flex-direction:column}#gspb_button-id-gsbp-2706d4e>.gspb-buttonbox{box-sizing:border-box;background-color:var(--wp--preset--color--contrastcolor, #fffffe)}@media (max-width:991.98px){#gspb_button-id-gsbp-2706d4e>.gspb-buttonbox{background-color:var(--wp--preset--color--contrastcolor, #fffffe)}}@media (max-width:767.98px){#gspb_button-id-gsbp-2706d4e>.gspb-buttonbox{background-color:var(--wp--preset--color--contrastcolor, #fffffe)}}@media (max-width:575.98px){#gspb_button-id-gsbp-2706d4e>.gspb-buttonbox{background-color:var(--wp--preset--color--contrastcolor, #fffffe)}}#gspb_button-id-gsbp-2706d4e>.gspb-buttonbox{color:var(--wp--preset--color--basecolor, #000001);border-top-left-radius:6px;border-top-right-radius:6px;border-bottom-right-radius:6px;border-bottom-left-radius:6px;border-style:solid;border-width:1px;border-color:var(--wp--preset--color--basecolor, #000001)}#gspb_button-id-gsbp-2706d4e,#gspb_button-id-gsbp-5eac647{display:flex;justify-content:center}#gspb_button-id-gsbp-5eac647 .gspb-buttonbox-text{display:flex;flex-direction:column}#gspb_button-id-gsbp-5eac647>.gspb-buttonbox{box-sizing:border-box}#gspb_button-id-gsbp-5eac647 .gspb-buttonbox-label{margin-top:1px;font-size:13px;line-height:13px}#gspb_button-id-gsbp-5eac647>.gspb-buttonbox .gspb-buttonbox-text{align-items:center}#gspb_button-id-gsbp-5eac647>.gspb-buttonbox{margin-bottom:15px;background-color:var(--wp--preset--color--main, var(--rehub-main-color))}@media (max-width:991.98px){#gspb_button-id-gsbp-5eac647>.gspb-buttonbox{background-color:var(--wp--preset--color--main, var(--rehub-main-color))}}@media (max-width:767.98px){#gspb_button-id-gsbp-5eac647>.gspb-buttonbox{background-color:var(--wp--preset--color--main, var(--rehub-main-color))}}@media (max-width:575.98px){#gspb_button-id-gsbp-5eac647>.gspb-buttonbox{background-color:var(--wp--preset--color--main, var(--rehub-main-color))}}#gspb_button-id-gsbp-5eac647>.gspb-buttonbox,#gspb_button-id-gsbp-5eac647>.gspb-buttonbox:hover{color:#fff}#gspb_button-id-gsbp-5eac647>.gspb-buttonbox{border-style:solid;border-width:1px;border-color:var(--wp--preset--color--main, var(--rehub-main-color))}#gspb_button-id-gsbp-5eac647>.gspb-buttonbox,#gspb_button-id-gsbp-5eac647>.gspb-buttonbox>.gspb_backgroundOverlay{border-top-left-radius:6px;border-top-right-radius:6px;border-bottom-right-radius:6px;border-bottom-left-radius:6px}","footnotes":""},"class_list":["post-496","page","type-page","status-publish","has-post-thumbnail","hentry"],"_links":{"self":[{"href":"https:\/\/ayisyennet.com\/ht\/wp-json\/wp\/v2\/pages\/496","targetHints":{"allow":["GET"]}}],"collection":[{"href":"https:\/\/ayisyennet.com\/ht\/wp-json\/wp\/v2\/pages"}],"about":[{"href":"https:\/\/ayisyennet.com\/ht\/wp-json\/wp\/v2\/types\/page"}],"author":[{"embeddable":true,"href":"https:\/\/ayisyennet.com\/ht\/wp-json\/wp\/v2\/users\/1"}],"replies":[{"embeddable":true,"href":"https:\/\/ayisyennet.com\/ht\/wp-json\/wp\/v2\/comments?post=496"}],"version-history":[{"count":3,"href":"https:\/\/ayisyennet.com\/ht\/wp-json\/wp\/v2\/pages\/496\/revisions"}],"predecessor-version":[{"id":4979,"href":"https:\/\/ayisyennet.com\/ht\/wp-json\/wp\/v2\/pages\/496\/revisions\/4979"}],"wp:featuredmedia":[{"embeddable":true,"href":"https:\/\/ayisyennet.com\/ht\/wp-json\/wp\/v2\/media\/376"}],"wp:attachment":[{"href":"https:\/\/ayisyennet.com\/ht\/wp-json\/wp\/v2\/media?parent=496"}],"curies":[{"name":"wp","href":"https:\/\/api.w.org\/{rel}","templated":true}]}}