{"id":539,"date":"2025-10-29T19:08:00","date_gmt":"2025-10-29T23:08:00","guid":{"rendered":"https:\/\/ayisyennet.com\/kontakte-nou-sou-ayisyennet\/"},"modified":"2026-03-09T20:29:33","modified_gmt":"2026-03-10T00:29:33","slug":"kontakte-nou","status":"publish","type":"page","link":"https:\/\/ayisyennet.com\/ht\/kontakte-nou\/","title":{"rendered":"Kontakte nou sou Ayisyennet"},"content":{"rendered":"\n<div class=\"wp-block-greenshift-blocks-row gspb_row gspb_row-id-gsbp-743279d\" id=\"gspb_row-id-gsbp-743279d\"><div class=\"gspb_row__content\"> \n<div class=\"wp-block-greenshift-blocks-row-column gspb_row__col--12 gspb_col-id-gsbp-36f6306\" id=\"gspb_col-id-gsbp-36f6306\">\n<div class=\"wp-block-group is-layout-constrained wp-block-group-is-layout-constrained\">\n<h2 id=\"gspb_heading-id-gsbp-7c24bf3\" class=\"gspb_heading gspb_heading-id-gsbp-7c24bf3 \">Ou gen kesyon? An n pale! <\/h2>\n\n\n\n<p class=\"has-text-align-center\">Pou nenp\u00f2t kolaborasyon, op\u00f2tinite biznis, oswa l\u00f2t kesyon, tanpri pa ezite kontakte Ayisyennet. Pou plis detay, ou ka li plis bagay <a href=\"https:\/\/ayisyennet.com\/ht\/apwopo\/\">sou platf\u00f2m Ayisyennet la isit la<\/a> . <\/p>\n<\/div>\n\n\n\n                <iframe src=\"https:\/\/api.leadconnectorhq.com\/widget\/form\/ruA4gxlRUUGj5d42tn5B\"\n                    style=\"width:100%;height:100%;border:none;\" id=\"inline-ruA4gxlRUUGj5d42tn5B\"\n                    data-layout=\"{'id':'INLINE','minimizedTitle':'','isLeftAligned':true,'isRightAligned':false,'allowMinimize':false}\"\n                    data-trigger-type=\"alwaysShow\" data-trigger-value=\"\" data-activation-type=\"alwaysActivated\" data-activation-value=\"\"\n                    data-deactivation-type=\"neverDeactivate\" data-deactivation-value=\"\" data-form-name=\"Default Contact Form\" data-height=\"600\"\n                    data-layout-iframe-id=\"inline-ruA4gxlRUUGj5d42tn5B\" data-form-id=\"ruA4gxlRUUGj5d42tn5B\" title=\"Default Contact Form\">\n                <\/iframe>\n                <script src=\"https:\/\/link.msgsndr.com\/js\/form_embed.js\"><\/script>\n            \n<\/div>\n <\/div><\/div>\n\n<hr class=\"wp-block-separator has-alpha-channel-opacity is-style-wide\"\/>\n\n<div class=\"wp-block-greenshift-blocks-row alignfull gspb_row gspb_row-id-gsbp-ad464ce\" id=\"gspb_row-id-gsbp-ad464ce\"><div class=\"gspb_row__content\"> \n<div class=\"wp-block-greenshift-blocks-row-column gspb_row__col--4 gspb_row__col--md-12 gspb_col-id-gsbp-4fadc7e\" id=\"gspb_col-id-gsbp-4fadc7e\">\n<div class=\"wp-block-greenshift-blocks-image gspb_image gspb_image-id-gsbp-7181e13\" id=\"gspb_image-id-gsbp-7181e13\"><img decoding=\"async\" src=\"https:\/\/ayisyennet.com\/wp-content\/uploads\/2025\/10\/David-Celestin-@-AYISYENNET.webp\" data-src=\"\" alt=\"David Celestin @ AYISYENNET\" loading=\"lazy\" width=\"451\" height=\"553\" title=\"David Celestin @ AYISYENNET\"><\/div>\n<\/div>\n\n\n\n<div class=\"wp-block-greenshift-blocks-row-column gspb_row__col--8 gspb_row__col--md-12 gspb_col-id-gsbp-5b78d9c\" id=\"gspb_col-id-gsbp-5b78d9c\">\n<div class=\"rank-math-contact-info show-name show-organization_description show-email show-address show-hours show-phone show-additional_info show-map\"><div class=\"rank-math-contact-section rank-math-contact-name\">\t\t<h4 class=\"rank-math-name\">\n\t\t\t<a href=\"https:\/\/ayisyennet.com\">AYISYENNET<\/a>\n\t\t<\/h4>\n\t\t<\/div><div class=\"rank-math-contact-section rank-math-contact-organization_description\">\t\t<div class=\"rank-math-organization-description\">\n\t\t\t<label>Description:<\/label>\n\t\t\t<p>Ayisyennet is the first platform 100% dedicated to promoting a better Haiti and better Haitians through educational and informative content, events, opportunities, an online community, tools, and other useful resources. It was launched by David Celestin with the goals of peace and progress. You can find more information about Ayisyennet here.<\/p>\n\t\t<\/div>\n\t\t<\/div><div class=\"rank-math-contact-section rank-math-contact-email\">\t\t<div class=\"rank-math-email\">\n\t\t\t<label>Email:<\/label>\n\t\t\t<a href=\"mailto:kontaktenou@ayisyennet.com\">kontaktenou@ayisyennet.com<\/a>\n\t\t<\/div>\n\t\t<\/div><div class=\"rank-math-contact-section rank-math-contact-address\"><\/div><div class=\"rank-math-contact-section rank-math-contact-hours\">\t\t<label>Hours:<\/label>\n\t\t<div class=\"rank-math-contact-hours-details\">\n\t\t\t<div class=\"rank-math-opening-hours\"><span class=\"rank-math-opening-days\">Monday, Tuesday, Wednesday, Thursday, Friday, Saturday, Sunday<\/span><span class=\"rank-math-opening-time\">09:00 &ndash; 17:00<\/span><\/div>\t\t<\/div>\n\t\t<\/div><div class=\"rank-math-contact-section rank-math-contact-phone\"><\/div><div class=\"rank-math-contact-section rank-math-contact-additional_info\">\t\t\t<div class=\"rank-math-organization-additional-details\">\n\t\t\t\t<label>Legal Name:<\/label>\n\t\t\t\t<span>AYISYENNET<\/span>\n\t\t\t<\/div>\n\t\t\t\t\t\t<div class=\"rank-math-organization-additional-details\">\n\t\t\t\t<label>Founding Date:<\/label>\n\t\t\t\t<span>2024<\/span>\n\t\t\t<\/div>\n\t\t\t<\/div><div class=\"rank-math-contact-section rank-math-contact-map\"><\/div><\/div><div class=\"clear\"><\/div>\n<\/div>\n <\/div><\/div>\n","protected":false},"excerpt":{"rendered":"","protected":false},"author":1,"featured_media":376,"parent":0,"menu_order":0,"comment_status":"closed","ping_status":"closed","template":"","meta":{"_gspb_post_css":"#gspb_row-id-gsbp-743279d{justify-content:space-between;margin-top:0;margin-bottom:0;display:flex;flex-wrap:wrap;align-content:center}#gspb_row-id-gsbp-743279d>.gspb_row__content{display:flex;margin:0 auto;width:100%;flex-wrap:wrap;max-width:1200px;align-items:center;justify-content:center}.gspb_row{position:relative}div[id^=gspb_col-id]{box-sizing:border-box;position:relative;padding:var(--gs-row-column-padding, 15px min(3vw, 20px))}#gspb_col-id-gsbp-36f6306.gspb_row__col--12{width:100%}@media (max-width:575.98px){#gspb_col-id-gsbp-36f6306.gspb_row__col--12{width:100%}}#gspb_heading-id-gsbp-7c24bf3,#gspb_heading-id-gsbp-7c24bf3 .gsap-g-line{text-align:center!important}#gspb_heading-id-gsbp-7c24bf3{margin-bottom:5px}#gspb_row-id-gsbp-ad464ce{justify-content:space-between;margin-top:0;margin-bottom:0;display:flex;flex-wrap:wrap;align-content:center}#gspb_row-id-gsbp-ad464ce>.gspb_row__content{display:flex;margin:0 auto;width:100%;flex-wrap:wrap;max-width:1200px;align-items:center;justify-content:center}#gspb_col-id-gsbp-4fadc7e.gspb_row__col--4{width:33.333333333333336%}@media (max-width:991.98px){#gspb_col-id-gsbp-4fadc7e.gspb_row__col--4{width:100%}}@media (max-width:575.98px){#gspb_col-id-gsbp-4fadc7e.gspb_row__col--4{width:100%}}#gspb_image-id-gsbp-7181e13{text-align:center}#gspb_image-id-gsbp-7181e13 img{vertical-align:top;display:inline-block;box-sizing:border-box;max-width:100%;height:auto;box-shadow:0 15px 25px 0 rgba(0,0,0,.1);border-top-left-radius:6px;border-top-right-radius:6px;border-bottom-right-radius:6px;border-bottom-left-radius:6px;border-style:solid;border-width:1px;border-color:var(--wp--preset--color--main, var(--rehub-main-color))}#gspb_col-id-gsbp-5b78d9c.gspb_row__col--8{width:66.66666666666667%}@media (max-width:991.98px){#gspb_col-id-gsbp-5b78d9c.gspb_row__col--8{width:100%}}@media (max-width:575.98px){#gspb_col-id-gsbp-5b78d9c.gspb_row__col--8{width:100%}}","footnotes":""},"class_list":["post-539","page","type-page","status-publish","has-post-thumbnail","hentry"],"_links":{"self":[{"href":"https:\/\/ayisyennet.com\/ht\/wp-json\/wp\/v2\/pages\/539","targetHints":{"allow":["GET"]}}],"collection":[{"href":"https:\/\/ayisyennet.com\/ht\/wp-json\/wp\/v2\/pages"}],"about":[{"href":"https:\/\/ayisyennet.com\/ht\/wp-json\/wp\/v2\/types\/page"}],"author":[{"embeddable":true,"href":"https:\/\/ayisyennet.com\/ht\/wp-json\/wp\/v2\/users\/1"}],"replies":[{"embeddable":true,"href":"https:\/\/ayisyennet.com\/ht\/wp-json\/wp\/v2\/comments?post=539"}],"version-history":[{"count":2,"href":"https:\/\/ayisyennet.com\/ht\/wp-json\/wp\/v2\/pages\/539\/revisions"}],"predecessor-version":[{"id":5366,"href":"https:\/\/ayisyennet.com\/ht\/wp-json\/wp\/v2\/pages\/539\/revisions\/5366"}],"wp:featuredmedia":[{"embeddable":true,"href":"https:\/\/ayisyennet.com\/ht\/wp-json\/wp\/v2\/media\/376"}],"wp:attachment":[{"href":"https:\/\/ayisyennet.com\/ht\/wp-json\/wp\/v2\/media?parent=539"}],"curies":[{"name":"wp","href":"https:\/\/api.w.org\/{rel}","templated":true}]}}