{"id":638,"date":"2025-10-29T20:23:28","date_gmt":"2025-10-30T00:23:28","guid":{"rendered":"https:\/\/ayisyennet.com\/newsletters\/"},"modified":"2026-03-09T19:55:55","modified_gmt":"2026-03-09T23:55:55","slug":"enfolet","status":"publish","type":"page","link":"https:\/\/ayisyennet.com\/ht\/enfolet\/","title":{"rendered":"Enfol\u00e8t Ayisyennet yo"},"content":{"rendered":"\n<div class=\"wp-block-greenshift-blocks-row alignfull gspb_row gspb_row-id-gsbp-74bd2db\" id=\"gspb_row-id-gsbp-74bd2db\"><div class=\"gspb_row__content\"> \n<div class=\"wp-block-greenshift-blocks-row-column gspb_row__col--8 gspb_row__col--md-12 gspb_row__col--sm-12 gspb_col-id-gsbp-fb9ece8\" id=\"gspb_col-id-gsbp-fb9ece8\"><style>#gspb_row-id-gsbp-6947571{justify-content:space-between;margin-top:0;margin-bottom:0;display:flex;flex-wrap:wrap;align-content:center;background-color:#e9e9e9}#gspb_row-id-gsbp-6947571>.gspb_row__content{display:flex;margin:0 auto;width:100%;flex-wrap:wrap;max-width:1200px;align-items:center;justify-content:center}.gspb_row{position:relative}div[id^=gspb_col-id]{box-sizing:border-box;position:relative;padding:var(--gs-row-column-padding,15px min(3vw,20px))}@media (max-width:991.98px){#gspb_row-id-gsbp-6947571{background-color:#e9e9e9}}@media (max-width:767.98px){#gspb_row-id-gsbp-6947571{background-color:#e9e9e9}}@media (max-width:575.98px){#gspb_row-id-gsbp-6947571{background-color:#e9e9e9}}#gspb_row-id-gsbp-6947571{border-style:solid;border-width:1px;border-color:var(--wp--preset--color--main,var(--rehub-main-color))}#gspb_row-id-gsbp-6947571:hover{border-style:solid;border-color:#000}#gspb_row-id-gsbp-6947571,#gspb_row-id-gsbp-6947571>.gspb_backgroundOverlay{border-top-left-radius:6px;border-top-right-radius:6px;border-bottom-right-radius:6px;border-bottom-left-radius:6px}#gspb_col-id-gsbp-62d916a.gspb_row__col--12{width:100%}@media (max-width:575.98px){#gspb_col-id-gsbp-62d916a.gspb_row__col--12{width:100%}}#gspb_heading-id-gsbp-1b54db7,#gspb_heading-id-gsbp-1b54db7 .gsap-g-line{text-align:center!important}#gspb_heading-id-gsbp-1b54db7{margin-bottom:20px}#gspb_heading-id-gsbp-1b54db7 .gspb_heading_subtitle,#gspb_subheading-id-gsbp-1b54db7{display:block;font-size:17px;line-height:22px;margin-top:5px}<\/style><style>#gspb_row-id-gsbp-6947571{justify-content:space-between;margin-top:0;margin-bottom:0;display:flex;flex-wrap:wrap;align-content:center;background-color:#e9e9e9}#gspb_row-id-gsbp-6947571>.gspb_row__content{display:flex;margin:0 auto;width:100%;flex-wrap:wrap;max-width:1200px;align-items:center;justify-content:center}.gspb_row{position:relative}div[id^=gspb_col-id]{box-sizing:border-box;position:relative;padding:var(--gs-row-column-padding,15px min(3vw,20px))}@media (max-width:991.98px){#gspb_row-id-gsbp-6947571{background-color:#e9e9e9}}@media (max-width:767.98px){#gspb_row-id-gsbp-6947571{background-color:#e9e9e9}}@media (max-width:575.98px){#gspb_row-id-gsbp-6947571{background-color:#e9e9e9}}#gspb_row-id-gsbp-6947571{border-style:solid;border-width:1px;border-color:var(--wp--preset--color--main,var(--rehub-main-color))}#gspb_row-id-gsbp-6947571:hover{border-style:solid;border-color:#000}#gspb_row-id-gsbp-6947571,#gspb_row-id-gsbp-6947571>.gspb_backgroundOverlay{border-top-left-radius:6px;border-top-right-radius:6px;border-bottom-right-radius:6px;border-bottom-left-radius:6px}#gspb_col-id-gsbp-62d916a.gspb_row__col--12{width:100%}@media (max-width:575.98px){#gspb_col-id-gsbp-62d916a.gspb_row__col--12{width:100%}}#gspb_heading-id-gsbp-1b54db7,#gspb_heading-id-gsbp-1b54db7 .gsap-g-line{text-align:center!important}#gspb_heading-id-gsbp-1b54db7{margin-bottom:20px}#gspb_heading-id-gsbp-1b54db7 .gspb_heading_subtitle,#gspb_subheading-id-gsbp-1b54db7{display:block;font-size:17px;line-height:22px;margin-top:5px}<\/style>\n<div class=\"wp-block-greenshift-blocks-row gspb_row gspb_row-id-gsbp-6947571\" id=\"gspb_row-id-gsbp-6947571\"><div class=\"gspb_row__content\"> \n<div class=\"wp-block-greenshift-blocks-row-column gspb_row__col--12 gspb_col-id-gsbp-62d916a\" id=\"gspb_col-id-gsbp-62d916a\">\n<h2 id=\"gspb_heading-id-gsbp-1b54db7\" class=\"gspb_heading gspb_heading-id-gsbp-1b54db7 \">Ab\u00f2ne ak bilten nouv\u00e8l yo<span class=\"gspb_heading_subtitle\"><strong><strong><strong>Antre non konpl\u00e8 w, pi bon adr\u00e8s imel ou, epi klike pou ab\u00f2ne pou w pa janm rate \u00f2f, op\u00f2tinite, ak d\u00e8nye nouv\u00e8l sou Ayisyennet.<\/strong><\/strong><\/strong><\/span><\/h2>\n\n\n\n                <iframe src=\"https:\/\/api.leadconnectorhq.com\/widget\/form\/1B6jQ7tneOFPnC8e8kzb\"\n                    style=\"width:100%;height:100%;border:none;\" id=\"inline-1B6jQ7tneOFPnC8e8kzb\"\n                    data-layout=\"{'id':'INLINE','minimizedTitle':'','isLeftAligned':true,'isRightAligned':false,'allowMinimize':false}\"\n                    data-trigger-type=\"alwaysShow\" data-trigger-value=\"\" data-activation-type=\"alwaysActivated\" data-activation-value=\"\"\n                    data-deactivation-type=\"neverDeactivate\" data-deactivation-value=\"\" data-form-name=\"Newsletter Subscription\" data-height=\"600\"\n                    data-layout-iframe-id=\"inline-1B6jQ7tneOFPnC8e8kzb\" data-form-id=\"1B6jQ7tneOFPnC8e8kzb\" title=\"Newsletter Subscription\">\n                <\/iframe>\n                <script src=\"https:\/\/link.msgsndr.com\/js\/form_embed.js\"><\/script>\n            \n<\/div>\n <\/div><\/div>\n<\/div>\n\n\n\n<div class=\"wp-block-greenshift-blocks-row-column gspb_row__col--4 gspb_row__col--md-12 gspb_row__col--sm-12 gspb_col-id-gsbp-fd3184d\" id=\"gspb_col-id-gsbp-fd3184d\">\n<div class=\"wp-block-greenshift-blocks-image gspb_image gspb_image-id-gsbp-562378b\" id=\"gspb_image-id-gsbp-562378b\"><img decoding=\"async\" src=\"https:\/\/ayisyennet.com\/wp-content\/uploads\/2025\/10\/David-Celestin-@-AYISYENNET.webp\" data-src=\"\" alt=\"David Celestin @ AYISYENNET\" loading=\"lazy\" width=\"451\" height=\"553\" title=\"David Celestin @ AYISYENNET\"\/><\/div>\n<\/div>\n <\/div><\/div>\n\n\n\n<div class=\"wp-block-greenshift-blocks-row alignfull gspb_row gspb_row-id-gsbp-b153da4\" id=\"gspb_row-id-gsbp-b153da4\"><div class=\"gspb_row__content\"> \n<div class=\"wp-block-greenshift-blocks-row-column gspb_row__col--12 gspb_col-id-gsbp-b70c593\" id=\"gspb_col-id-gsbp-b70c593\">\n<p class=\"has-text-align-center\">Antre nan lis bilten Ayisyennet la pou w pa janm rate okenn nan piblikasyon nou yo. Nou mete kontni nou yo ajou regily\u00e8man pou kenbe w enf\u00f2me epi pataje pi bon op\u00f2tinite moman sa a av\u00e8k ou. Tanpri sonje ke l\u00e8 ou ab\u00f2ne, ou dak\u00f2 ak <a href=\"https:\/\/ayisyennet.com\/ht\/?page_id=682\" data-type=\"page\" data-id=\"650\">kondisyon<\/a> itilizasyon ak <a href=\"https:\/\/ayisyennet.com\/ht\/?page_id=698\" data-type=\"page\" data-id=\"3\">r\u00e8gleman sou enf\u00f2masyon prive<\/a> Ayisyennet yo.<\/p>\n<\/div>\n <\/div><\/div>\n\n\n\n<div class=\"wp-block-greenshift-blocks-row alignfull gspb_row gspb_row-id-gsbp-5f401f5\" id=\"gspb_row-id-gsbp-5f401f5\"><div class=\"gspb_row__content\"> \n<div class=\"wp-block-greenshift-blocks-row-column gspb_row__col--4 gspb_row__col--md-6 gspb_col-id-gsbp-3cfd14b\" id=\"gspb_col-id-gsbp-3cfd14b\">\n<p id=\"gspb_heading-id-gsbp-7dfa002\" class=\"gspb_heading gspb_heading-id-gsbp-7dfa002 \"><em>Bilten sa yo eksepsyon\u00e8l. Pa gen pale san nesesite. Bon travay!  <\/em><gwmw style=\"display:none;\"><\/gwmw><span class=\"gspb_heading_subtitle\">Manaelle Jeanty<gwmw style=\"display:none;\"><\/gwmw><\/span><\/p>\n<\/div>\n\n\n\n<div class=\"wp-block-greenshift-blocks-row-column gspb_row__col--4 gspb_row__col--md-6 gspb_col-id-gsbp-13c0048\" id=\"gspb_col-id-gsbp-13c0048\">\n<p id=\"gspb_heading-id-gsbp-dc117b4\" class=\"gspb_heading gspb_heading-id-gsbp-dc117b4 \"><em>Bilten nou yo se s\u00e8l yo ki aprann mwen anpil bagay sou Ayiti.<\/em><span class=\"gspb_heading_subtitle\">Julno Joseph<\/span><\/p>\n<\/div>\n\n\n\n<div class=\"wp-block-greenshift-blocks-row-column gspb_row__col--4 gspb_row__col--md-12 gspb_col-id-gsbp-8c8cba7\" id=\"gspb_col-id-gsbp-8c8cba7\">\n<p id=\"gspb_heading-id-gsbp-cfab20a\" class=\"gspb_heading gspb_heading-id-gsbp-cfab20a \"><em>Mwen ankouraje w pou w kontinye bay enf\u00f2masyon <em>ak f\u00f2masyon<\/em> .<\/em><gwmw style=\"display:none;\"><\/gwmw><span class=\"gspb_heading_subtitle\">Reginald Antoine<gwmw style=\"display:none;\"><\/gwmw><\/span><\/p>\n<\/div>\n <\/div><\/div>\n","protected":false},"excerpt":{"rendered":"","protected":false},"author":1,"featured_media":376,"parent":0,"menu_order":0,"comment_status":"closed","ping_status":"closed","template":"","meta":{"_gspb_post_css":"#gspb_row-id-gsbp-74bd2db{justify-content:space-between;display:flex;flex-wrap:wrap;align-content:center;margin-top:5px;margin-bottom:10px}#gspb_row-id-gsbp-74bd2db>.gspb_row__content{display:flex;margin:0 auto;width:100%;flex-wrap:wrap;max-width:1200px;align-items:center;justify-content:center}.gspb_row{position:relative}div[id^=gspb_col-id]{box-sizing:border-box;position:relative;padding:var(--gs-row-column-padding, 15px min(3vw, 20px))}#gspb_col-id-gsbp-fb9ece8.gspb_row__col--8{width:66.66666666666667%}@media (max-width:991.98px){#gspb_col-id-gsbp-fb9ece8.gspb_row__col--8{width:100%}}@media (max-width:767.98px){#gspb_col-id-gsbp-fb9ece8.gspb_row__col--8{width:100%}}@media (max-width:575.98px){#gspb_col-id-gsbp-fb9ece8.gspb_row__col--8{width:100%}}#gspb_col-id-gsbp-fd3184d.gspb_row__col--4{width:33.333333333333336%}@media (max-width:991.98px){#gspb_col-id-gsbp-fd3184d.gspb_row__col--4{width:100%}}@media (max-width:767.98px){#gspb_col-id-gsbp-fd3184d.gspb_row__col--4{width:100%}}@media (max-width:575.98px){#gspb_col-id-gsbp-fd3184d.gspb_row__col--4{width:100%}}#gspb_image-id-gsbp-562378b{text-align:center}#gspb_image-id-gsbp-562378b img{vertical-align:top;display:inline-block;box-sizing:border-box;max-width:100%;height:auto;box-shadow:0 15px 25px 0 rgba(0,0,0,.1);border-top-left-radius:6px;border-top-right-radius:6px;border-bottom-right-radius:6px;border-bottom-left-radius:6px;border-style:solid;border-width:1px;border-color:var(--wp--preset--color--basecolor, #000001)}#gspb_row-id-gsbp-b153da4{justify-content:space-between;margin-top:0;margin-bottom:0;display:flex;flex-wrap:wrap;align-content:center;background-color:#e9e9e9}#gspb_row-id-gsbp-b153da4>.gspb_row__content{display:flex;margin:0 auto;width:100%;flex-wrap:wrap;max-width:1200px;align-items:center;justify-content:center}@media (max-width:991.98px){#gspb_row-id-gsbp-b153da4{background-color:#e9e9e9}}@media (max-width:767.98px){#gspb_row-id-gsbp-b153da4{background-color:#e9e9e9}}@media (max-width:575.98px){#gspb_row-id-gsbp-b153da4{background-color:#e9e9e9}}#gspb_col-id-gsbp-b70c593.gspb_row__col--12{width:100%}@media (max-width:575.98px){#gspb_col-id-gsbp-b70c593.gspb_row__col--12{width:100%}}#gspb_row-id-gsbp-5f401f5{justify-content:space-between;margin-top:0;margin-bottom:0;display:flex;flex-wrap:wrap;align-content:center;border-style:solid;border-width:1px;border-color:var(--wp--preset--color--main, var(--rehub-main-color))}#gspb_row-id-gsbp-5f401f5>.gspb_row__content{display:flex;margin:0 auto;width:100%;flex-wrap:wrap;max-width:1200px;align-items:center;justify-content:center}#gspb_col-id-gsbp-3cfd14b.gspb_row__col--4{width:33.333333333333336%}@media (max-width:991.98px){#gspb_col-id-gsbp-3cfd14b.gspb_row__col--4{width:50%}}@media (max-width:575.98px){#gspb_col-id-gsbp-3cfd14b.gspb_row__col--4{width:100%}}#gspb_heading-id-gsbp-7dfa002,#gspb_heading-id-gsbp-7dfa002 .gsap-g-line{text-align:center!important}#gspb_heading-id-gsbp-7dfa002{margin-top:0;margin-bottom:0}#gspb_heading-id-gsbp-7dfa002 .gspb_heading_subtitle,#gspb_subheading-id-gsbp-7dfa002{display:block;font-size:17px;line-height:22px;margin-top:5px}#gspb_col-id-gsbp-13c0048.gspb_row__col--4{width:33.333333333333336%}@media (max-width:991.98px){#gspb_col-id-gsbp-13c0048.gspb_row__col--4{width:50%}}@media (max-width:575.98px){#gspb_col-id-gsbp-13c0048.gspb_row__col--4{width:100%}}#gspb_heading-id-gsbp-dc117b4,#gspb_heading-id-gsbp-dc117b4 .gsap-g-line{text-align:center!important}#gspb_heading-id-gsbp-dc117b4{margin-top:0;margin-bottom:0}#gspb_heading-id-gsbp-dc117b4 .gspb_heading_subtitle,#gspb_subheading-id-gsbp-dc117b4{display:block;font-size:17px;line-height:22px;margin-top:5px}#gspb_col-id-gsbp-8c8cba7.gspb_row__col--4{width:33.333333333333336%}@media (max-width:991.98px){#gspb_col-id-gsbp-8c8cba7.gspb_row__col--4{width:100%}}@media (max-width:575.98px){#gspb_col-id-gsbp-8c8cba7.gspb_row__col--4{width:100%}}#gspb_heading-id-gsbp-cfab20a,#gspb_heading-id-gsbp-cfab20a .gsap-g-line{text-align:center!important}#gspb_heading-id-gsbp-cfab20a{margin-top:0;margin-bottom:0}#gspb_heading-id-gsbp-cfab20a .gspb_heading_subtitle,#gspb_subheading-id-gsbp-cfab20a{display:block;font-size:17px;line-height:22px;margin-top:5px}","footnotes":""},"class_list":["post-638","page","type-page","status-publish","has-post-thumbnail","hentry"],"_links":{"self":[{"href":"https:\/\/ayisyennet.com\/ht\/wp-json\/wp\/v2\/pages\/638","targetHints":{"allow":["GET"]}}],"collection":[{"href":"https:\/\/ayisyennet.com\/ht\/wp-json\/wp\/v2\/pages"}],"about":[{"href":"https:\/\/ayisyennet.com\/ht\/wp-json\/wp\/v2\/types\/page"}],"author":[{"embeddable":true,"href":"https:\/\/ayisyennet.com\/ht\/wp-json\/wp\/v2\/users\/1"}],"replies":[{"embeddable":true,"href":"https:\/\/ayisyennet.com\/ht\/wp-json\/wp\/v2\/comments?post=638"}],"version-history":[{"count":3,"href":"https:\/\/ayisyennet.com\/ht\/wp-json\/wp\/v2\/pages\/638\/revisions"}],"predecessor-version":[{"id":5344,"href":"https:\/\/ayisyennet.com\/ht\/wp-json\/wp\/v2\/pages\/638\/revisions\/5344"}],"wp:featuredmedia":[{"embeddable":true,"href":"https:\/\/ayisyennet.com\/ht\/wp-json\/wp\/v2\/media\/376"}],"wp:attachment":[{"href":"https:\/\/ayisyennet.com\/ht\/wp-json\/wp\/v2\/media?parent=638"}],"curies":[{"name":"wp","href":"https:\/\/api.w.org\/{rel}","templated":true}]}}