{"id":664,"date":"2025-10-29T20:47:38","date_gmt":"2025-10-30T00:47:38","guid":{"rendered":"https:\/\/ayisyennet.com\/podcast\/"},"modified":"2026-03-10T21:07:58","modified_gmt":"2026-03-11T01:07:58","slug":"podkas","status":"publish","type":"page","link":"https:\/\/ayisyennet.com\/ht\/podkas\/","title":{"rendered":"P\u00f2dkas Ayisyennet"},"content":{"rendered":"\n<p>Ayisyennet Podcast se premye podcast ki dedye a pwomosyon yon Ayiti miy\u00f2 ak pi gwo Ayisyen yo. Pran tan pou swiv Ayisyennet Podcast. Epi pi enp\u00f2tan toujou, pa bliye f\u00e8 k\u00f2mant\u00e8, pataje epi <a href=\"https:\/\/ayisyennet.com\/ht\/kontakte-nou\/\" data-type=\"page\" data-id=\"525\">kontakte nou<\/a> si ou gen nenp\u00f2t kesyon.  <\/p>\n\n<figure class=\"wp-block-embed is-type-rich is-provider-spotify wp-block-embed-spotify wp-embed-aspect-16-9 wp-has-aspect-ratio\"><div class=\"wp-block-embed__wrapper\">\n<iframe title=\"Spotify Embed: Rezo sosyal yo, osnon rezo sosyo yo?\" style=\"border-radius: 12px\" width=\"624\" height=\"351\" frameborder=\"0\" allowfullscreen allow=\"autoplay; clipboard-write; encrypted-media; fullscreen; picture-in-picture\" loading=\"lazy\" src=\"https:\/\/open.spotify.com\/embed\/show\/1pbfHe3gpr0gBIEhT2FXvX\/video?utm_source=oembed\"><\/iframe>\n<\/div><figcaption class=\"wp-element-caption\"><em>@ Ayisyennet Podcast<\/em><\/figcaption><\/figure>\n\n<div class=\"wp-block-group is-vertical is-content-justification-center is-layout-flex wp-container-core-group-is-layout-73a99bce wp-block-group-is-layout-flex\">\n<h2 id=\"gspb_heading-id-gsbp-ac13e76\" class=\"gspb_heading gspb_heading-id-gsbp-ac13e76 \">Disponib sou plizy\u00e8 platf\u00f2m<\/h2>\n\n\n\n<p class=\"has-text-align-center\">Ou ka koute epi\/oswa gade epiz\u00f2d podcast yo sou nenp\u00f2t platf\u00f2m ekst\u00e8n, tankou <a href=\"https:\/\/open.spotify.com\/show\/1pbfHe3gpr0gBIEhT2FXvX\" rel=\"nofollow noopener\" target=\"_blank\">Spotify<\/a>, <a href=\"https:\/\/music.youtube.com\/playlist?list=PLl8jiICNjZD0w-XbBYqJaV7UEPR_d3ia5\" rel=\"nofollow noopener\" target=\"_blank\">YouTube Music<\/a>, <a href=\"https:\/\/www.youtube.com\/playlist?list=PLl8jiICNjZD0w-XbBYqJaV7UEPR_d3ia5\" rel=\"nofollow noopener\" target=\"_blank\">Youtube Podcasts<\/a>, <a href=\"https:\/\/music.amazon.com\/podcasts\/b7f49ade-219e-4328-9a6a-03c4c0441b13\/podkas-ayisyen-net\" rel=\"nofollow noopener\" target=\"_blank\">Amazon Music<\/a>, <a href=\"https:\/\/www.audible.com\/podcast\/Podkas-Ayisyen-Net\/B0CRRK2C8C\" rel=\"nofollow noopener\" target=\"_blank\">Audible<\/a>, <a href=\"https:\/\/podcasts.apple.com\/us\/podcast\/podkas-ayisyennet\/id1845023812\" data-type=\"link\" data-id=\"https:\/\/podcasts.apple.com\/us\/podcast\/podkas-ayisyennet\/id1845023812\" target=\"_blank\" rel=\"noreferrer noopener nofollow\">Apple Podcasts<\/a>.<\/p>\n<\/div>\n\n<hr class=\"wp-block-separator has-alpha-channel-opacity is-style-wide\"\/>\n\n<div class=\"wp-block-group is-vertical is-content-justification-center is-layout-flex wp-container-core-group-is-layout-8e8b386f wp-block-group-is-layout-flex\" style=\"padding-top:var(--wp--preset--spacing--60)\">\n<h2 class=\"wp-block-heading has-text-align-left\" id=\"recently-added\">D\u00e8ny\u00e8man ajoute<\/h2>\n\n\n\n<p>Ou ka w\u00e8 atik ki f\u00e8k ajoute yo anba a\u2026<\/p>\n<\/div>\n\n<div class=\"wp-block-rehub-colored-post-grid rhpb-colored-post-grid rhpb-28528fab-7d71-4f43-90cd-3032e51b4762\"><style>.rhpb-28528fab-7d71-4f43-90cd-3032e51b4762 .coloredgrid .excerptforcgrid{display:block!important}.rhpb-28528fab-7d71-4f43-90cd-3032e51b4762 .coloredgrid .col_item.rh-main-bg-hover:hover .rehub-main-color{color:#fff!important}.rhpb-28528fab-7d71-4f43-90cd-3032e51b4762 .coloredgrid .col_item.rh-main-bg-hover:hover .whitehovered{color:#fff!important}.rhpb-28528fab-7d71-4f43-90cd-3032e51b4762 .coloredgrid .rh-borderinside{display:block!important}.rhpb-28528fab-7d71-4f43-90cd-3032e51b4762 .coloredgrid .catforcgrid{display:block!important}.rhpb-28528fab-7d71-4f43-90cd-3032e51b4762 .rh-fit-cover{opacity:!important}.rhpb-28528fab-7d71-4f43-90cd-3032e51b4762 .coloredgrid .rehub-main-color-bg{background-color:!important}.rhpb-28528fab-7d71-4f43-90cd-3032e51b4762 .coloredgrid .rehub-main-color-bg:nth-child(6n+2){background-color:!important}.rhpb-28528fab-7d71-4f43-90cd-3032e51b4762 .coloredgrid .rehub-main-color-bg:nth-child(6n+3){background-color:!important}.rhpb-28528fab-7d71-4f43-90cd-3032e51b4762 .coloredgrid .rehub-main-color-bg:nth-child(6n+4){background-color:!important}.rhpb-28528fab-7d71-4f43-90cd-3032e51b4762 .coloredgrid .rehub-main-color-bg:nth-child(6n+5){background-color:!important}.rhpb-28528fab-7d71-4f43-90cd-3032e51b4762 .coloredgrid .rehub-main-color-bg:nth-child(6n+6){background-color:!important}.rhpb-28528fab-7d71-4f43-90cd-3032e51b4762 .coloredgrid .colorgridtitle{color:!important}.rhpb-28528fab-7d71-4f43-90cd-3032e51b4762 .coloredgrid .colorgridtext{color:!important}@media screen and (max-width:767.98px){.rhpb-28528fab-7d71-4f43-90cd-3032e51b4762 .smart-scroll-mobile .col_item{width:!important;min-width:!important}}<\/style>{{ kontni }}<\/div>\n","protected":false},"excerpt":{"rendered":"<p>Ayisyennet Podcast se premye podcast ki dedye a pwomosyon yon Ayiti miy\u00f2 ak pi gwo Ayisyen yo. Pran tan pou swiv Ayisyennet Podcast. Epi pi enp\u00f2tan toujou, pa bliye f\u00e8 k\u00f2mant\u00e8, pataje epi kontakte nou si ou gen nenp\u00f2t kesyon. Ou ka koute epi\/oswa gade epiz\u00f2d podcast yo sou nenp\u00f2t platf\u00f2m ekst\u00e8n, tankou Spotify, YouTube [&hellip;]<\/p>\n","protected":false},"author":1,"featured_media":376,"parent":0,"menu_order":0,"comment_status":"closed","ping_status":"closed","template":"","meta":{"_gspb_post_css":"#gspb_heading-id-gsbp-ac13e76,#gspb_heading-id-gsbp-ac13e76 .gsap-g-line{text-align:center!important}@media (max-width:991.98px){#gspb_heading-id-gsbp-ac13e76,#gspb_heading-id-gsbp-ac13e76 .gsap-g-line{text-align:center!important}}@media (max-width:575.98px){#gspb_heading-id-gsbp-ac13e76,#gspb_heading-id-gsbp-ac13e76 .gsap-g-line{text-align:center!important}}#gspb_heading-id-gsbp-ac13e76{margin-top:25px;margin-bottom:0}@media (max-width:575.98px){#gspb_heading-id-gsbp-ac13e76{margin-top:0}}","footnotes":""},"class_list":["post-664","page","type-page","status-publish","has-post-thumbnail","hentry"],"_links":{"self":[{"href":"https:\/\/ayisyennet.com\/ht\/wp-json\/wp\/v2\/pages\/664","targetHints":{"allow":["GET"]}}],"collection":[{"href":"https:\/\/ayisyennet.com\/ht\/wp-json\/wp\/v2\/pages"}],"about":[{"href":"https:\/\/ayisyennet.com\/ht\/wp-json\/wp\/v2\/types\/page"}],"author":[{"embeddable":true,"href":"https:\/\/ayisyennet.com\/ht\/wp-json\/wp\/v2\/users\/1"}],"replies":[{"embeddable":true,"href":"https:\/\/ayisyennet.com\/ht\/wp-json\/wp\/v2\/comments?post=664"}],"version-history":[{"count":12,"href":"https:\/\/ayisyennet.com\/ht\/wp-json\/wp\/v2\/pages\/664\/revisions"}],"predecessor-version":[{"id":5462,"href":"https:\/\/ayisyennet.com\/ht\/wp-json\/wp\/v2\/pages\/664\/revisions\/5462"}],"wp:featuredmedia":[{"embeddable":true,"href":"https:\/\/ayisyennet.com\/ht\/wp-json\/wp\/v2\/media\/376"}],"wp:attachment":[{"href":"https:\/\/ayisyennet.com\/ht\/wp-json\/wp\/v2\/media?parent=664"}],"curies":[{"name":"wp","href":"https:\/\/api.w.org\/{rel}","templated":true}]}}