{"id":383,"date":"2025-10-29T15:01:20","date_gmt":"2025-10-29T19:01:20","guid":{"rendered":"https:\/\/ayisyennet.com\/lista-de-desejos-no-ayisyennnet\/"},"modified":"2026-03-09T22:26:44","modified_gmt":"2026-03-10T02:26:44","slug":"lista-de-desejos","status":"publish","type":"page","link":"https:\/\/ayisyennet.com\/pt-br\/lista-de-desejos\/","title":{"rendered":"Lista de desejos na Ayisyennet"},"content":{"rendered":"\n<p>Voc\u00ea pode acessar sua lista de desejos no Ayisyennet aqui. Voc\u00ea pode acessar seus cursos favoritos <a href=\"https:\/\/ayisyennet.com\/pt-br\/fora\/\" data-type=\"page\" data-id=\"613\">atrav\u00e9s do Ayisyennet Fora<\/a>. <\/p>\nN\u00e3o h\u00e1 nada na sua lista de desejos\n","protected":false},"excerpt":{"rendered":"<p>Voc\u00ea pode acessar sua lista de desejos no Ayisyennet aqui. Voc\u00ea pode acessar seus cursos favoritos atrav\u00e9s do Ayisyennet Fora.<\/p>\n","protected":false},"author":1,"featured_media":384,"parent":0,"menu_order":0,"comment_status":"closed","ping_status":"closed","template":"","meta":{"_gspb_post_css":"","footnotes":""},"class_list":["post-383","page","type-page","status-publish","has-post-thumbnail","hentry"],"_links":{"self":[{"href":"https:\/\/ayisyennet.com\/pt-br\/wp-json\/wp\/v2\/pages\/383","targetHints":{"allow":["GET"]}}],"collection":[{"href":"https:\/\/ayisyennet.com\/pt-br\/wp-json\/wp\/v2\/pages"}],"about":[{"href":"https:\/\/ayisyennet.com\/pt-br\/wp-json\/wp\/v2\/types\/page"}],"author":[{"embeddable":true,"href":"https:\/\/ayisyennet.com\/pt-br\/wp-json\/wp\/v2\/users\/1"}],"replies":[{"embeddable":true,"href":"https:\/\/ayisyennet.com\/pt-br\/wp-json\/wp\/v2\/comments?post=383"}],"version-history":[{"count":2,"href":"https:\/\/ayisyennet.com\/pt-br\/wp-json\/wp\/v2\/pages\/383\/revisions"}],"predecessor-version":[{"id":5427,"href":"https:\/\/ayisyennet.com\/pt-br\/wp-json\/wp\/v2\/pages\/383\/revisions\/5427"}],"wp:featuredmedia":[{"embeddable":true,"href":"https:\/\/ayisyennet.com\/pt-br\/wp-json\/wp\/v2\/media\/384"}],"wp:attachment":[{"href":"https:\/\/ayisyennet.com\/pt-br\/wp-json\/wp\/v2\/media?parent=383"}],"curies":[{"name":"wp","href":"https:\/\/api.w.org\/{rel}","templated":true}]}}